{"id":417,"date":"2022-03-29T11:19:58","date_gmt":"2022-03-29T14:19:58","guid":{"rendered":"https:\/\/thepridhamgroup.mydev.ca\/RCASLPNB\/?page_id=417"},"modified":"2026-04-06T11:15:53","modified_gmt":"2026-04-06T14:15:53","slug":"maison","status":"publish","type":"page","link":"https:\/\/rcaslpnb.ca\/fr\/","title":{"rendered":"Accueil"},"content":{"rendered":"<h2>\n\t\t\tL'Ordre des audiologistes et des orthophonistes du Nouveau-Brunswick (OAONB) est l'organisme de r\u00e9glementation des audiologistes et orthophonistes du Nouveau-Brunswick.\t<\/h2>\n\t<p>Toutes les personnes souhaitant pratiquer l'audiologie ou l'orthophonie au Nouveau-Brunswick doivent \u00eatre <strong>inscrit aupr\u00e8s de l'OAONB<\/strong>.<\/p>\n<p>Out-of-province clinicians need to be registered with RCASLPNB to offer\u00a0<strong>services virtuels<\/strong>\u00a0within New Brunswick. For more information on RCASLPNB&#8217;S position with respect to virtual services, please refer to our\u00a0<a href=\"https:\/\/rcaslpnb.ca\/wp-content\/uploads\/2025\/08\/Position-Statement-Virtual-Cross-Provincial-Practice-LOA-July-17-2025-FR.pdf\" target=\"_blank\" rel=\"noopener\">Position Statement on Locus of Accountability<\/a>.<\/p>","protected":false},"excerpt":{"rendered":"<p>L'Ordre des audiologistes et des orthophonistes du Nouveau-Brunswick (OAARB) est l'organisme de r\u00e9glementation des audiologistes et des orthophonistes au Nouveau-Brunswick. Toutes les personnes qui souhaitent pratiquer l'audiologie ou l'orthophonie au Nouveau-Brunswick doivent \u00eatre inscrites aupr\u00e8s du RCASLPNB. Les cliniciens de l'ext\u00e9rieur de la province doivent \u00eatre inscrits aupr\u00e8s du RCASLPNB pour offrir des services virtuels au Nouveau-Brunswick. Pour...<\/p>","protected":false},"author":2,"featured_media":0,"parent":0,"menu_order":0,"comment_status":"closed","ping_status":"closed","template":"","meta":{"_seopress_robots_primary_cat":"","_seopress_titles_title":"","_seopress_titles_desc":"","_seopress_robots_index":"","footnotes":""},"class_list":["post-417","page","type-page","status-publish","hentry"],"_links":{"self":[{"href":"https:\/\/rcaslpnb.ca\/fr\/wp-json\/wp\/v2\/pages\/417","targetHints":{"allow":["GET"]}}],"collection":[{"href":"https:\/\/rcaslpnb.ca\/fr\/wp-json\/wp\/v2\/pages"}],"about":[{"href":"https:\/\/rcaslpnb.ca\/fr\/wp-json\/wp\/v2\/types\/page"}],"author":[{"embeddable":true,"href":"https:\/\/rcaslpnb.ca\/fr\/wp-json\/wp\/v2\/users\/2"}],"replies":[{"embeddable":true,"href":"https:\/\/rcaslpnb.ca\/fr\/wp-json\/wp\/v2\/comments?post=417"}],"version-history":[{"count":22,"href":"https:\/\/rcaslpnb.ca\/fr\/wp-json\/wp\/v2\/pages\/417\/revisions"}],"predecessor-version":[{"id":25257,"href":"https:\/\/rcaslpnb.ca\/fr\/wp-json\/wp\/v2\/pages\/417\/revisions\/25257"}],"wp:attachment":[{"href":"https:\/\/rcaslpnb.ca\/fr\/wp-json\/wp\/v2\/media?parent=417"}],"curies":[{"name":"wp","href":"https:\/\/api.w.org\/{rel}","templated":true}]}}